{"id":126,"date":"2020-04-15T19:05:27","date_gmt":"2020-04-15T17:05:27","guid":{"rendered":"http:\/\/onivia.net\/?page_id=126"},"modified":"2022-11-10T14:18:14","modified_gmt":"2022-11-10T13:18:14","slug":"legal-notice","status":"publish","type":"page","link":"https:\/\/old.onivia.net\/es\/aviso-legal\/","title":{"rendered":"Aviso Legal"},"content":{"rendered":"<p><\/p>\n<h4><span class=\"s1\">1. Titularidad y datos identificativos<\/span><\/h4>\n<p class=\"p3\"><span class=\"s1\">Los datos identificativos del responsable de la p\u00e1gina web son los que figuran a continuaci\u00f3n: Pentacom Investments Spain Opco SL (en adelante \u201cOnivia \u201d), con domicilio social en Avenida de Europa 26 Bloque 1, C.P. 28.224 \u2013 Pozuelo de Alarc\u00f3n (Madrid); inscrita en el Registro de Mercantil de Madrid, en el Tomo 39121, Folio, 30, Secci\u00f3n 8, Hoja M-695085; y con CIF B-88368881.<\/span><\/p>\n<h4><span class=\"s1\">2. Usuarios<\/span><\/h4>\n<p class=\"p3\"><span class=\"s1\">El acceso al sitio web www.onivia.net atribuye a quien lo realiza la condici\u00f3n de USUARIO y expresa la aceptaci\u00f3n plena y sin reservas por parte del USUARIO de todas y cada una de las presentes condiciones de uso, sin perjuicio de las condiciones particulares que sea preciso aplicar en el caso de que el USUARIO desee contratar alguno de los servicios que se le ofrecen.<\/span><\/p>\n<h4><span class=\"s1\">3. Condiciones de uso<\/span><\/h4>\n<p class=\"p3\"><span class=\"s1\">El sitio web facilita a los usuarios del mismo el acceso a informaci\u00f3n y servicios prestados por Onivia a aquellas personas u organizaciones interesadas en los mismos. El acceso a la web tiene car\u00e1cter gratuito para los usuarios de la misma y con car\u00e1cter general el acceso y utilizaci\u00f3n de la web no exige la previa suscripci\u00f3n o registro de los usuarios de la misma.<\/span><\/p>\n<h4><span class=\"s1\">4. Propiedad intelectual<\/span><\/h4>\n<p class=\"p3\"><span class=\"s1\">Son propiedad de Onivia todos los derechos de propiedad industrial e intelectual de la web, as\u00ed como de los contenidos que alberga. Cualquier uso de la web o sus contenidos deber\u00e1 tener un car\u00e1cter exclusivamente particular. Est\u00e1 reservado exclusivamente a Onivia cualquier otro uso que suponga la copia, reproducci\u00f3n, distribuci\u00f3n, transformaci\u00f3n, comunicaci\u00f3n p\u00fablica o cualquier otra acci\u00f3n similar, de todo o parte de los contenidos de la web, por lo que ning\u00fan usuario podr\u00e1 llevar a cabo estas acciones sin la autorizaci\u00f3n previa y por escrito de Onivia.<\/span><\/p>\n<h4><span class=\"s1\">5. Limitaci\u00f3n de responsabilidad<\/span><\/h4>\n<p class=\"p3\"><span class=\"s1\">El acceso y la utilizaci\u00f3n de las p\u00e1ginas de Onivia se realizar\u00e1n bajo la \u00fanica y exclusiva responsabilidad del USUARIO. Onivia no se hace responsable, en ning\u00fan caso, de los da\u00f1os y perjuicios de cualquier naturaleza que pudieran ocasionar, a t\u00edtulo enunciativo: errores u omisiones en los contenidos, falta de disponibilidad del portal o la transmisi\u00f3n de virus o programas maliciosos o lesivos en los contenidos, a pesar de haber adoptado todas las medidas tecnol\u00f3gicas necesarias para evitarlo. <\/span><\/p>\n<h4><span class=\"s1\">6. Enlaces a terceros<\/span><\/h4>\n<p class=\"p3\"><span class=\"s1\">Onivia podr\u00e1 proporcionar enlaces a otros contenidos que son propiedad de terceros, siendo el \u00fanico objeto de los enlaces el proporcionar al USUARIO la posibilidad de complementar la informaci\u00f3n a trav\u00e9s de dichos enlaces, y consecuentemente, no se responsabiliza en ning\u00fan caso de los resultados que puedan derivarse al USUARIO para acceso a dichos enlaces. <\/span><\/p>\n<p class=\"p3\"><span class=\"s1\">Los enlaces o hiperenlaces que incorporen terceros en sus p\u00e1ginas web, dirigidos a esta web, ser\u00e1n para la apertura de la p\u00e1gina web completa, no pudiendo manifestar, directa o indirectamente, indicaciones falsas, inexactas o confusas, ni incurrir en acciones desleales o il\u00edcitas en contra de\u00a0Onivia.<\/span><\/p>\n<h4><span class=\"s1\">7. Legislaci\u00f3n aplicable y jurisdicci\u00f3n competente<\/span><\/h4>\n<p class=\"p3\"><span class=\"s1\">El presente Aviso Legal se interpretar\u00e1 y regir\u00e1 de conformidad con la legislaci\u00f3n espa\u00f1ola.\u00a0Onivia y los usuarios, con renuncia expresa a cualquier otro fuero que pudiera corresponderles, se someten al de los juzgados y tribunales del domicilio del usuario para cualquier controversia que pudiera derivarse del acceso o uso de la web.<\/span><\/p>\n<p class=\"p3\"><span class=\"s1\">En el caso de que el usuario tenga su domicilio fuera de Espa\u00f1a,\u00a0Onivia y el usuario, se someten, con renuncia expresa a cualquier otro fuero, a los juzgados y tribunales del domicilio de\u00a0Onivia.<\/span><\/p>\n<p><\/p>","protected":false},"excerpt":{"rendered":"<p>1. Titularidad y datos identificativos Los datos identificativos del responsable de la p\u00e1gina web son los que figuran a continuaci\u00f3n: Pentacom Investments Spain Opco SL (en adelante \u201cOnivia \u201d), con domicilio social en Avenida de Europa 26 Bloque 1, C.P. 28.224 \u2013 Pozuelo de Alarc\u00f3n (Madrid); inscrita en el Registro de Mercantil de Madrid, en&#8230;<\/p>\n","protected":false},"author":2,"featured_media":0,"parent":0,"menu_order":0,"comment_status":"closed","ping_status":"closed","template":"","meta":{"footnotes":""},"class_list":["post-126","page","type-page","status-publish","hentry"],"acf":[],"yoast_head":"<!-- This site is optimized with the Yoast SEO plugin v20.3 - https:\/\/yoast.com\/wordpress\/plugins\/seo\/ -->\n<title>Aviso Legal - Onivia<\/title>\n<meta name=\"robots\" content=\"index, follow, max-snippet:-1, max-image-preview:large, max-video-preview:-1\" \/>\n<link rel=\"canonical\" href=\"https:\/\/old.onivia.net\/es\/legal-notice\/\" \/>\n<meta property=\"og:locale\" content=\"es_ES\" \/>\n<meta property=\"og:type\" content=\"article\" \/>\n<meta property=\"og:title\" content=\"Aviso Legal - Onivia\" \/>\n<meta property=\"og:description\" content=\"1. Titularidad y datos identificativos Los datos identificativos del responsable de la p\u00e1gina web son los que figuran a continuaci\u00f3n: Pentacom Investments Spain Opco SL (en adelante \u201cOnivia \u201d), con domicilio social en Avenida de Europa 26 Bloque 1, C.P. 28.224 \u2013 Pozuelo de Alarc\u00f3n (Madrid); inscrita en el Registro de Mercantil de Madrid, en...\" \/>\n<meta property=\"og:url\" content=\"https:\/\/old.onivia.net\/es\/legal-notice\/\" \/>\n<meta property=\"og:site_name\" content=\"Onivia\" \/>\n<meta property=\"article:modified_time\" content=\"2022-11-10T13:18:14+00:00\" \/>\n<meta name=\"twitter:card\" content=\"summary_large_image\" \/>\n<meta name=\"twitter:site\" content=\"@onivianetworks\" \/>\n<meta name=\"twitter:label1\" content=\"Tiempo de lectura\" \/>\n\t<meta name=\"twitter:data1\" content=\"3 minutos\" \/>\n<script type=\"application\/ld+json\" class=\"yoast-schema-graph\">{\"@context\":\"https:\/\/schema.org\",\"@graph\":[{\"@type\":\"WebPage\",\"@id\":\"https:\/\/old.onivia.net\/es\/legal-notice\/\",\"url\":\"https:\/\/old.onivia.net\/es\/legal-notice\/\",\"name\":\"Aviso Legal - Onivia\",\"isPartOf\":{\"@id\":\"https:\/\/old.onivia.net\/es\/#website\"},\"datePublished\":\"2020-04-15T17:05:27+00:00\",\"dateModified\":\"2022-11-10T13:18:14+00:00\",\"breadcrumb\":{\"@id\":\"https:\/\/old.onivia.net\/es\/legal-notice\/#breadcrumb\"},\"inLanguage\":\"es\",\"potentialAction\":[{\"@type\":\"ReadAction\",\"target\":[[\"https:\/\/old.onivia.net\/es\/legal-notice\/\"]]}]},{\"@type\":\"BreadcrumbList\",\"@id\":\"https:\/\/old.onivia.net\/es\/legal-notice\/#breadcrumb\",\"itemListElement\":[{\"@type\":\"ListItem\",\"position\":1,\"name\":\"Home\",\"item\":\"https:\/\/old.onivia.net\/es\/\"},{\"@type\":\"ListItem\",\"position\":2,\"name\":\"Legal Notice\"}]},{\"@type\":\"WebSite\",\"@id\":\"https:\/\/old.onivia.net\/es\/#website\",\"url\":\"https:\/\/old.onivia.net\/es\/\",\"name\":\"Onivia\",\"description\":\"Exponentes del crecimiento\",\"publisher\":{\"@id\":\"https:\/\/old.onivia.net\/es\/#organization\"},\"potentialAction\":[{\"@type\":\"SearchAction\",\"target\":{\"@type\":\"EntryPoint\",\"urlTemplate\":\"https:\/\/old.onivia.net\/es\/?s={search_term_string}\"},\"query-input\":\"required name=search_term_string\"}],\"inLanguage\":\"es\"},{\"@type\":\"Organization\",\"@id\":\"https:\/\/old.onivia.net\/es\/#organization\",\"name\":\"Onivia\",\"url\":\"https:\/\/old.onivia.net\/es\/\",\"logo\":{\"@type\":\"ImageObject\",\"inLanguage\":\"es\",\"@id\":\"https:\/\/old.onivia.net\/es\/#\/schema\/logo\/image\/\",\"url\":\"https:\/\/onivia.net\/wp-content\/uploads\/2020\/06\/Onivia-square-logo-plate-01.png\",\"contentUrl\":\"https:\/\/onivia.net\/wp-content\/uploads\/2020\/06\/Onivia-square-logo-plate-01.png\",\"width\":771,\"height\":772,\"caption\":\"Onivia\"},\"image\":{\"@id\":\"https:\/\/old.onivia.net\/es\/#\/schema\/logo\/image\/\"},\"sameAs\":[\"https:\/\/twitter.com\/onivianetworks\",\"https:\/\/www.linkedin.com\/company\/onivianetworks\/?originalSubdomain=es\"]}]}<\/script>\n<!-- \/ Yoast SEO plugin. -->","yoast_head_json":{"title":"Aviso Legal - Onivia","robots":{"index":"index","follow":"follow","max-snippet":"max-snippet:-1","max-image-preview":"max-image-preview:large","max-video-preview":"max-video-preview:-1"},"canonical":"https:\/\/old.onivia.net\/es\/legal-notice\/","og_locale":"es_ES","og_type":"article","og_title":"Aviso Legal - Onivia","og_description":"1. Titularidad y datos identificativos Los datos identificativos del responsable de la p\u00e1gina web son los que figuran a continuaci\u00f3n: Pentacom Investments Spain Opco SL (en adelante \u201cOnivia \u201d), con domicilio social en Avenida de Europa 26 Bloque 1, C.P. 28.224 \u2013 Pozuelo de Alarc\u00f3n (Madrid); inscrita en el Registro de Mercantil de Madrid, en...","og_url":"https:\/\/old.onivia.net\/es\/legal-notice\/","og_site_name":"Onivia","article_modified_time":"2022-11-10T13:18:14+00:00","twitter_card":"summary_large_image","twitter_site":"@onivianetworks","twitter_misc":{"Tiempo de lectura":"3 minutos"},"schema":{"@context":"https:\/\/schema.org","@graph":[{"@type":"WebPage","@id":"https:\/\/old.onivia.net\/es\/legal-notice\/","url":"https:\/\/old.onivia.net\/es\/legal-notice\/","name":"Aviso Legal - Onivia","isPartOf":{"@id":"https:\/\/old.onivia.net\/es\/#website"},"datePublished":"2020-04-15T17:05:27+00:00","dateModified":"2022-11-10T13:18:14+00:00","breadcrumb":{"@id":"https:\/\/old.onivia.net\/es\/legal-notice\/#breadcrumb"},"inLanguage":"es","potentialAction":[{"@type":"ReadAction","target":[["https:\/\/old.onivia.net\/es\/legal-notice\/"]]}]},{"@type":"BreadcrumbList","@id":"https:\/\/old.onivia.net\/es\/legal-notice\/#breadcrumb","itemListElement":[{"@type":"ListItem","position":1,"name":"Home","item":"https:\/\/old.onivia.net\/es\/"},{"@type":"ListItem","position":2,"name":"Legal Notice"}]},{"@type":"WebSite","@id":"https:\/\/old.onivia.net\/es\/#website","url":"https:\/\/old.onivia.net\/es\/","name":"Onivia","description":"Exponentes del crecimiento","publisher":{"@id":"https:\/\/old.onivia.net\/es\/#organization"},"potentialAction":[{"@type":"SearchAction","target":{"@type":"EntryPoint","urlTemplate":"https:\/\/old.onivia.net\/es\/?s={search_term_string}"},"query-input":"required name=search_term_string"}],"inLanguage":"es"},{"@type":"Organization","@id":"https:\/\/old.onivia.net\/es\/#organization","name":"Onivia","url":"https:\/\/old.onivia.net\/es\/","logo":{"@type":"ImageObject","inLanguage":"es","@id":"https:\/\/old.onivia.net\/es\/#\/schema\/logo\/image\/","url":"https:\/\/onivia.net\/wp-content\/uploads\/2020\/06\/Onivia-square-logo-plate-01.png","contentUrl":"https:\/\/onivia.net\/wp-content\/uploads\/2020\/06\/Onivia-square-logo-plate-01.png","width":771,"height":772,"caption":"Onivia"},"image":{"@id":"https:\/\/old.onivia.net\/es\/#\/schema\/logo\/image\/"},"sameAs":["https:\/\/twitter.com\/onivianetworks","https:\/\/www.linkedin.com\/company\/onivianetworks\/?originalSubdomain=es"]}]}},"_links":{"self":[{"href":"https:\/\/old.onivia.net\/es\/wp-json\/wp\/v2\/pages\/126","targetHints":{"allow":["GET"]}}],"collection":[{"href":"https:\/\/old.onivia.net\/es\/wp-json\/wp\/v2\/pages"}],"about":[{"href":"https:\/\/old.onivia.net\/es\/wp-json\/wp\/v2\/types\/page"}],"author":[{"embeddable":true,"href":"https:\/\/old.onivia.net\/es\/wp-json\/wp\/v2\/users\/2"}],"replies":[{"embeddable":true,"href":"https:\/\/old.onivia.net\/es\/wp-json\/wp\/v2\/comments?post=126"}],"version-history":[{"count":9,"href":"https:\/\/old.onivia.net\/es\/wp-json\/wp\/v2\/pages\/126\/revisions"}],"predecessor-version":[{"id":972,"href":"https:\/\/old.onivia.net\/es\/wp-json\/wp\/v2\/pages\/126\/revisions\/972"}],"wp:attachment":[{"href":"https:\/\/old.onivia.net\/es\/wp-json\/wp\/v2\/media?parent=126"}],"curies":[{"name":"wp","href":"https:\/\/api.w.org\/{rel}","templated":true}]}}