{"id":130,"date":"2020-04-15T19:08:12","date_gmt":"2020-04-15T17:08:12","guid":{"rendered":"http:\/\/onivia.net\/?page_id=130"},"modified":"2022-11-10T14:18:00","modified_gmt":"2022-11-10T13:18:00","slug":"cookies-policy","status":"publish","type":"page","link":"https:\/\/old.onivia.net\/es\/politica-de-cookies\/","title":{"rendered":"Pol\u00edtica de Cookies"},"content":{"rendered":"<p><\/p>\n<h5><span class=\"s1\">1- \u00bfQu\u00e9 son las cookies y para qu\u00e9 las usamos?<\/span><\/h5>\n<p class=\"p3\"><span class=\"s1\">Las cookies son peque\u00f1os archivos de texto que se almacenan en tu equipo (ordenador, tel\u00e9fono m\u00f3vil, Tablet u otro dispositivo de acceso on-line) y nos permiten recordar tus preferencias de navegaci\u00f3n y reconocerte en tus sucesivas visitas. <\/span><\/p>\n<p class=\"p3\"><span class=\"s1\">La p\u00e1gina web www.onivia.net utiliza las cookies para los siguientes fines:<\/span><\/p>\n<p class=\"p3\"><span class=\"s1\">Para personalizar la navegaci\u00f3n del usuario y recordar tu selecci\u00f3n de opciones por ejemplo, el idioma o la regi\u00f3n en la que te encuentras y personalizar las funciones que te ofrece.<\/span><\/p>\n<p class=\"p3\"><span class=\"s1\">Para mejorar nuestros servicios y la experiencia del usuario: saber con qu\u00e9 frecuencia se ha visitado la p\u00e1gina web, el tr\u00e1fico que hay en las distintas p\u00e1ginas, por ejemplo.<\/span><\/p>\n<h5><span class=\"s1\">2- Qu\u00e9 tipos de cookies usamos<\/span><\/h5>\n<p class=\"p3\"><span class=\"s1\">En la actualidad utilizamos cookies propias y cookies de terceros. <\/span><\/p>\n<p class=\"p3\"><span class=\"s1\">Las cookies propias son las que se env\u00edan al terminal del usuario, creadas o gestionadas por el responsable de la p\u00e1gina web. La p\u00e1gina web www.onivia.net utiliza cookies propias para verificar que el usuario ha aceptado la pol\u00edtica de cookies [cookiesDirective]<\/span><\/p>\n<p class=\"p3\"><span class=\"s1\">Las Cookies de terceros son las administradas por prestadores de servicios de an\u00e1lisis ajenos a Onivia. En nuestro caso utilizamos la cookie de GOOGLE ANALYTICS [_ga] para verificar las visitas recibidas en nuestra p\u00e1gina web.<\/span><\/p>\n<h5><span class=\"s1\">3- \u00bfC\u00f3mo puedes gestionar las cookies?<\/span><\/h5>\n<p class=\"p3\"><span class=\"s1\">Puedes configurar tu navegador de forma que rechace todas o algunas de las cookies, o bien para que te avise cuando las p\u00e1ginas web instalen o accedan a las cookies. Ten en cuenta que, si optas por deshabilitar o rechazar las cookies, determinadas secciones de este sitio web podr\u00edan no funcionar correctamente o ser inaccesibles para ti.<\/span><\/p>\n<p class=\"p3\"><span class=\"s1\">En caso que no consintieras el tratamiento de dicha informaci\u00f3n puedes modificar la configuraci\u00f3n de tu navegador web. <\/span><\/p>\n<p class=\"p3\"><span class=\"s1\">A continuaci\u00f3n te detallamos una lista con enlaces para cada tipo de navegador.<\/span><\/p>\n<ul>\n<li class=\"p5\"><span class=\"s2\">Configurar cookies en Google Chrome (<a href=\"https:\/\/support.google.com\/chrome\/answer\/95647?hl=es\"><span class=\"s3\">https:\/\/support.google.com\/chrome\/answer\/95647?hl=es<\/span><\/a>)<\/span><\/li>\n<li class=\"p5\"><span class=\"s2\">Configurar cookies en Microsoft Edge (<a href=\"https:\/\/support.microsoft.com\/es-es\/help\/4468242\/microsoft-edge-browsing-data-and-privacy\"><span class=\"s3\">https:\/\/support.microsoft.com\/es-es\/help\/4468242\/microsoft-edge-browsing-data-and-privacy<\/span><\/a>)<\/span><\/li>\n<li class=\"p5\"><span class=\"s2\">Configurar cookies en Microsoft Internet Explorer (<a href=\"https:\/\/support.microsoft.com\/es-es\/help\/17442\/windows-internet-explorer-delete-manage-cookies#ie=ie-11\"><span class=\"s3\">https:\/\/support.microsoft.com\/es-es\/help\/17442\/windows-internet-explorer-delete-manage-cookies#ie=ie-11<\/span><\/a>)<\/span><\/li>\n<li class=\"p5\"><span class=\"s2\">Configurar cookies en Mozilla Firefox (<a href=\"https:\/\/support.mozilla.org\/es\/kb\/habilitar-y-deshabilitar-cookies-sitios-web-rastrear-preferencias?redirectlocale=es&amp;redirectslug=habilitar-y-deshabilitar-cookies-que-los-sitios-we\"><span class=\"s3\">https:\/\/support.mozilla.org\/es\/kb\/habilitar-y-deshabilitar-cookies-sitios-web-rastrear-preferencias?redirectlocale=es&amp;redirectslug=habilitar-y-deshabilitar-cookies-que-los-sitios-we<\/span><\/a>)<\/span><\/li>\n<li class=\"p5\"><span class=\"s2\">Configurar cookies en Safari (Apple) (<a href=\"https:\/\/www.apple.com\/legal\/privacy\/es\/cookies\/\"><span class=\"s3\">https:\/\/www.apple.com\/legal\/privacy\/es\/cookies\/<\/span><\/a>)<\/span><\/li>\n<li class=\"p5\"><span class=\"s2\">Configurar cookies en Opera (<a href=\"https:\/\/help.opera.com\/en\/latest\/web-preferences\/#cookies\"><span class=\"s3\">https:\/\/help.opera.com\/en\/latest\/web-preferences\/#cookies<\/span><\/a>)<\/span><\/li>\n<li class=\"p3\"><span class=\"s1\">En relaci\u00f3n a los dispositivos m\u00f3viles, aqu\u00ed te dejamos m\u00e1s informaci\u00f3n.<\/span><\/li>\n<li class=\"p3\"><span class=\"s1\">Para Android: Men\u00fa &gt; M\u00e1s &gt; Ajustes &gt; Ajustes de privacidad.<\/span><\/li>\n<li class=\"p3\"><span class=\"s1\">Para Safari iOS: Configurar cookies en Safari (iOS) (<a href=\"https:\/\/support.apple.com\/es-es\/HT201265\"><span class=\"s4\">https:\/\/support.apple.com\/es-es\/HT201265<\/span><\/a>)<\/span><\/li>\n<li class=\"p3\"><span class=\"s1\">Para Blackberry: Home &gt; Browser &gt; Options &gt; Privacy &amp; Security: clear the Accept Cookies &gt; Save<\/span><\/li>\n<li class=\"p5\"><span class=\"s2\">Para Windows Phone: Configurar Windows Phone (<a href=\"https:\/\/support.microsoft.com\/es-es\/help\/10671\/windows-phone-tips-and-tricks\"><span class=\"s3\">https:\/\/support.microsoft.com\/es-es\/help\/10671\/windows-phone-tips-and-tricks<\/span><\/a>)<\/span><\/li>\n<\/ul>\n<h5><span class=\"s1\">4- Actualizaci\u00f3n y consulta<\/span><\/h5>\n<p class=\"p3\"><span class=\"s1\">Nuestra p\u00e1gina web www.onivia.net puede modificar esta Pol\u00edtica de Cookies en funci\u00f3n de nuevas exigencias legislativas, reglamentarias o con la finalidad de adaptar dicha pol\u00edtica a las instrucciones dictadas por la Agencia Espa\u00f1ola de Protecci\u00f3n de Datos (AEPD).<\/span><\/p>\n<p class=\"p3\"><span class=\"s1\">Cuando se produzcan cambios significativos en la Pol\u00edtica de Cookies se comunicar\u00e1 de acuerdo a lo establecido en la ley. Adem\u00e1s, se pondr\u00e1 un aviso informativo en la p\u00e1gina web.<\/span><\/p>\n<p class=\"p3\"><span class=\"s1\">Si desea m\u00e1s informaci\u00f3n sobre el uso de las Cookies puede enviar un correo electr\u00f3nico a<\/span><span class=\"s5\"> <a href=\"mailto:protecciondedatos@onivia.net\"><span class=\"s3\">protecciondedatos@onivia.net<\/span><\/a><\/span><\/p>\n<p><\/p>","protected":false},"excerpt":{"rendered":"<p>1- \u00bfQu\u00e9 son las cookies y para qu\u00e9 las usamos? Las cookies son peque\u00f1os archivos de texto que se almacenan en tu equipo (ordenador, tel\u00e9fono m\u00f3vil, Tablet u otro dispositivo de acceso on-line) y nos permiten recordar tus preferencias de navegaci\u00f3n y reconocerte en tus sucesivas visitas. La p\u00e1gina web www.onivia.net utiliza las cookies para&#8230;<\/p>\n","protected":false},"author":2,"featured_media":0,"parent":0,"menu_order":0,"comment_status":"closed","ping_status":"closed","template":"","meta":{"footnotes":""},"class_list":["post-130","page","type-page","status-publish","hentry"],"acf":[],"yoast_head":"<!-- This site is optimized with the Yoast SEO plugin v20.3 - https:\/\/yoast.com\/wordpress\/plugins\/seo\/ -->\n<title>Pol\u00edtica de Cookies - Onivia<\/title>\n<meta name=\"robots\" content=\"index, follow, max-snippet:-1, max-image-preview:large, max-video-preview:-1\" \/>\n<link rel=\"canonical\" href=\"https:\/\/old.onivia.net\/es\/cookies-policy\/\" \/>\n<meta property=\"og:locale\" content=\"es_ES\" \/>\n<meta property=\"og:type\" content=\"article\" \/>\n<meta property=\"og:title\" content=\"Pol\u00edtica de Cookies - Onivia\" \/>\n<meta property=\"og:description\" content=\"1- \u00bfQu\u00e9 son las cookies y para qu\u00e9 las usamos? Las cookies son peque\u00f1os archivos de texto que se almacenan en tu equipo (ordenador, tel\u00e9fono m\u00f3vil, Tablet u otro dispositivo de acceso on-line) y nos permiten recordar tus preferencias de navegaci\u00f3n y reconocerte en tus sucesivas visitas. La p\u00e1gina web www.onivia.net utiliza las cookies para...\" \/>\n<meta property=\"og:url\" content=\"https:\/\/old.onivia.net\/es\/cookies-policy\/\" \/>\n<meta property=\"og:site_name\" content=\"Onivia\" \/>\n<meta property=\"article:modified_time\" content=\"2022-11-10T13:18:00+00:00\" \/>\n<meta name=\"twitter:card\" content=\"summary_large_image\" \/>\n<meta name=\"twitter:site\" content=\"@onivianetworks\" \/>\n<meta name=\"twitter:label1\" content=\"Tiempo de lectura\" \/>\n\t<meta name=\"twitter:data1\" content=\"2 minutos\" \/>\n<script type=\"application\/ld+json\" class=\"yoast-schema-graph\">{\"@context\":\"https:\/\/schema.org\",\"@graph\":[{\"@type\":\"WebPage\",\"@id\":\"https:\/\/old.onivia.net\/es\/cookies-policy\/\",\"url\":\"https:\/\/old.onivia.net\/es\/cookies-policy\/\",\"name\":\"Pol\u00edtica de Cookies - Onivia\",\"isPartOf\":{\"@id\":\"https:\/\/old.onivia.net\/es\/#website\"},\"datePublished\":\"2020-04-15T17:08:12+00:00\",\"dateModified\":\"2022-11-10T13:18:00+00:00\",\"breadcrumb\":{\"@id\":\"https:\/\/old.onivia.net\/es\/cookies-policy\/#breadcrumb\"},\"inLanguage\":\"es\",\"potentialAction\":[{\"@type\":\"ReadAction\",\"target\":[[\"https:\/\/old.onivia.net\/es\/cookies-policy\/\"]]}]},{\"@type\":\"BreadcrumbList\",\"@id\":\"https:\/\/old.onivia.net\/es\/cookies-policy\/#breadcrumb\",\"itemListElement\":[{\"@type\":\"ListItem\",\"position\":1,\"name\":\"Home\",\"item\":\"https:\/\/old.onivia.net\/es\/\"},{\"@type\":\"ListItem\",\"position\":2,\"name\":\"Cookies policy\"}]},{\"@type\":\"WebSite\",\"@id\":\"https:\/\/old.onivia.net\/es\/#website\",\"url\":\"https:\/\/old.onivia.net\/es\/\",\"name\":\"Onivia\",\"description\":\"Exponentes del crecimiento\",\"publisher\":{\"@id\":\"https:\/\/old.onivia.net\/es\/#organization\"},\"potentialAction\":[{\"@type\":\"SearchAction\",\"target\":{\"@type\":\"EntryPoint\",\"urlTemplate\":\"https:\/\/old.onivia.net\/es\/?s={search_term_string}\"},\"query-input\":\"required name=search_term_string\"}],\"inLanguage\":\"es\"},{\"@type\":\"Organization\",\"@id\":\"https:\/\/old.onivia.net\/es\/#organization\",\"name\":\"Onivia\",\"url\":\"https:\/\/old.onivia.net\/es\/\",\"logo\":{\"@type\":\"ImageObject\",\"inLanguage\":\"es\",\"@id\":\"https:\/\/old.onivia.net\/es\/#\/schema\/logo\/image\/\",\"url\":\"https:\/\/onivia.net\/wp-content\/uploads\/2020\/06\/Onivia-square-logo-plate-01.png\",\"contentUrl\":\"https:\/\/onivia.net\/wp-content\/uploads\/2020\/06\/Onivia-square-logo-plate-01.png\",\"width\":771,\"height\":772,\"caption\":\"Onivia\"},\"image\":{\"@id\":\"https:\/\/old.onivia.net\/es\/#\/schema\/logo\/image\/\"},\"sameAs\":[\"https:\/\/twitter.com\/onivianetworks\",\"https:\/\/www.linkedin.com\/company\/onivianetworks\/?originalSubdomain=es\"]}]}<\/script>\n<!-- \/ Yoast SEO plugin. -->","yoast_head_json":{"title":"Pol\u00edtica de Cookies - Onivia","robots":{"index":"index","follow":"follow","max-snippet":"max-snippet:-1","max-image-preview":"max-image-preview:large","max-video-preview":"max-video-preview:-1"},"canonical":"https:\/\/old.onivia.net\/es\/cookies-policy\/","og_locale":"es_ES","og_type":"article","og_title":"Pol\u00edtica de Cookies - Onivia","og_description":"1- \u00bfQu\u00e9 son las cookies y para qu\u00e9 las usamos? Las cookies son peque\u00f1os archivos de texto que se almacenan en tu equipo (ordenador, tel\u00e9fono m\u00f3vil, Tablet u otro dispositivo de acceso on-line) y nos permiten recordar tus preferencias de navegaci\u00f3n y reconocerte en tus sucesivas visitas. La p\u00e1gina web www.onivia.net utiliza las cookies para...","og_url":"https:\/\/old.onivia.net\/es\/cookies-policy\/","og_site_name":"Onivia","article_modified_time":"2022-11-10T13:18:00+00:00","twitter_card":"summary_large_image","twitter_site":"@onivianetworks","twitter_misc":{"Tiempo de lectura":"2 minutos"},"schema":{"@context":"https:\/\/schema.org","@graph":[{"@type":"WebPage","@id":"https:\/\/old.onivia.net\/es\/cookies-policy\/","url":"https:\/\/old.onivia.net\/es\/cookies-policy\/","name":"Pol\u00edtica de Cookies - Onivia","isPartOf":{"@id":"https:\/\/old.onivia.net\/es\/#website"},"datePublished":"2020-04-15T17:08:12+00:00","dateModified":"2022-11-10T13:18:00+00:00","breadcrumb":{"@id":"https:\/\/old.onivia.net\/es\/cookies-policy\/#breadcrumb"},"inLanguage":"es","potentialAction":[{"@type":"ReadAction","target":[["https:\/\/old.onivia.net\/es\/cookies-policy\/"]]}]},{"@type":"BreadcrumbList","@id":"https:\/\/old.onivia.net\/es\/cookies-policy\/#breadcrumb","itemListElement":[{"@type":"ListItem","position":1,"name":"Home","item":"https:\/\/old.onivia.net\/es\/"},{"@type":"ListItem","position":2,"name":"Cookies policy"}]},{"@type":"WebSite","@id":"https:\/\/old.onivia.net\/es\/#website","url":"https:\/\/old.onivia.net\/es\/","name":"Onivia","description":"Exponentes del crecimiento","publisher":{"@id":"https:\/\/old.onivia.net\/es\/#organization"},"potentialAction":[{"@type":"SearchAction","target":{"@type":"EntryPoint","urlTemplate":"https:\/\/old.onivia.net\/es\/?s={search_term_string}"},"query-input":"required name=search_term_string"}],"inLanguage":"es"},{"@type":"Organization","@id":"https:\/\/old.onivia.net\/es\/#organization","name":"Onivia","url":"https:\/\/old.onivia.net\/es\/","logo":{"@type":"ImageObject","inLanguage":"es","@id":"https:\/\/old.onivia.net\/es\/#\/schema\/logo\/image\/","url":"https:\/\/onivia.net\/wp-content\/uploads\/2020\/06\/Onivia-square-logo-plate-01.png","contentUrl":"https:\/\/onivia.net\/wp-content\/uploads\/2020\/06\/Onivia-square-logo-plate-01.png","width":771,"height":772,"caption":"Onivia"},"image":{"@id":"https:\/\/old.onivia.net\/es\/#\/schema\/logo\/image\/"},"sameAs":["https:\/\/twitter.com\/onivianetworks","https:\/\/www.linkedin.com\/company\/onivianetworks\/?originalSubdomain=es"]}]}},"_links":{"self":[{"href":"https:\/\/old.onivia.net\/es\/wp-json\/wp\/v2\/pages\/130","targetHints":{"allow":["GET"]}}],"collection":[{"href":"https:\/\/old.onivia.net\/es\/wp-json\/wp\/v2\/pages"}],"about":[{"href":"https:\/\/old.onivia.net\/es\/wp-json\/wp\/v2\/types\/page"}],"author":[{"embeddable":true,"href":"https:\/\/old.onivia.net\/es\/wp-json\/wp\/v2\/users\/2"}],"replies":[{"embeddable":true,"href":"https:\/\/old.onivia.net\/es\/wp-json\/wp\/v2\/comments?post=130"}],"version-history":[{"count":8,"href":"https:\/\/old.onivia.net\/es\/wp-json\/wp\/v2\/pages\/130\/revisions"}],"predecessor-version":[{"id":223,"href":"https:\/\/old.onivia.net\/es\/wp-json\/wp\/v2\/pages\/130\/revisions\/223"}],"wp:attachment":[{"href":"https:\/\/old.onivia.net\/es\/wp-json\/wp\/v2\/media?parent=130"}],"curies":[{"name":"wp","href":"https:\/\/api.w.org\/{rel}","templated":true}]}}