{"id":3,"date":"2020-03-26T16:09:06","date_gmt":"2020-03-26T16:09:06","guid":{"rendered":"http:\/\/onivia.net\/?page_id=3"},"modified":"2022-11-10T14:29:58","modified_gmt":"2022-11-10T13:29:58","slug":"privacy-policy","status":"publish","type":"page","link":"https:\/\/old.onivia.net\/es\/politica-de-privacidad\/","title":{"rendered":"Pol\u00edtica de privacidad"},"content":{"rendered":"<!-- wp:heading -->\r\n<h4>1- Propietario de la web<\/h4>\r\n<p>Pentacom Investments Spain Opco SL es la propietaria de la p\u00e1gina web www.onivia.net, y por tanto la responsable de la informaci\u00f3n que se trata a trav\u00e9s de su p\u00e1gina. Onivia y el logo de Onivia son marcas registradas de Pentacom Investments Spain Opco SL (en adelante nos referiremos como \u201cOnivia\u201d). Dado que es intenci\u00f3n de Onivia proteger los datos de car\u00e1cter personal, a continuaci\u00f3n, te explicaremos qu\u00e9 tipo de datos procesamos, c\u00f3mo los tratamos y el uso que damos a dichos datos. Se entender\u00e1, a los efectos de la presente Pol\u00edtica de Privacidad, como usuario, toda persona que interact\u00fae o navegue por la p\u00e1gina propiedad de Onivia. Cumpliendo con la legislaci\u00f3n vigente en materia de protecci\u00f3n de datos de car\u00e1cter personal te informamos que, los datos personales que nos facilites ser\u00e1n tratados de manera confidencial y su recogida tiene las siguientes finalidades recogidas en nuestra Pol\u00edtica de Privacidad.<\/p>\r\n<h4>2- Responsable del tratamiento de los datos<\/h4>\r\n<p>El responsable del tratamiento es la persona jur\u00eddica que determina los fines y medios del tratamiento de datos personales. Es quien decide c\u00f3mo y con qu\u00e9 finalidades se tratan los datos personales. A los efectos de la presente Pol\u00edtica de Privacidad, el responsable del tratamiento de los datos personales es Pentacom Investments Spain Opco SL, con domicilio social en <span class=\"s1\">Avenida de Europa 26 Bloque 1<\/span>, C.P. 28224 \u2013 Pozuelo de Alarc\u00f3n (Madrid); inscrita en el Registro de Mercantil de Madrid, en el Tomo 39121, Folio, 30, Secci\u00f3n 8, Hoja M-695085; y con CIF B-88368881. Puedes ponerte en contacto con nosotros a trav\u00e9s de la direcci\u00f3n de correo electr\u00f3nico: <a href=\"mailto:protecciondedatos@onivia.net\">protecciondedatos@onivia.net<\/a><\/p>\r\n<h4>3- Como recogemos la informaci\u00f3n<\/h4>\r\n<p>Directamente de ti: Recogemos la informaci\u00f3n que nos proporcionas al rellenar el formulario de contacto de la p\u00e1gina web o al enviarnos un correo electr\u00f3nico (ej. nombre, apellidos, correo electr\u00f3nico, y cualquier otra informaci\u00f3n que decidas trasladarnos). Del uso que hagas de la p\u00e1gina web: puedes utilizar nuestra p\u00e1gina web desde cualquier dispositivo. Utilizamos herramientas que nos ayudan a entender c\u00f3mo navegas por nuestra p\u00e1gina. Para mayor informaci\u00f3n, por favor visita nuestra Pol\u00edtica de Cookies.<\/p>\r\n<h4>4- Qu\u00e9 informaci\u00f3n recogemos y para qu\u00e9 la usamos<\/h4>\r\n<p>En general, los datos personales que nos proporciones y que obtengamos de ti se utilizan para procesar tus solicitudes y para informarte sobre oportunidades que creemos que ser\u00e1n de tu inter\u00e9s.<\/p>\r\n<ul>\r\n<li style=\"list-style-type: none;\">\r\n<ul>\r\n<li><strong>Informaci\u00f3n de contacto:<\/strong> Recogemos la informaci\u00f3n que nos proporcionas al ponerte en contacto con nosotros, o al requerir informaci\u00f3n sobre las caracter\u00edsticas de los servicios que prestamos, a trav\u00e9s del formulario de la p\u00e1gina web o mediante env\u00edo de correo electr\u00f3nico (nombre, apellidos, correo electr\u00f3nico, y cualquier otra informaci\u00f3n que quieras compartir con nosotros: empresa, puesto, tel\u00e9fono); la finalidad es proporcionarte la informaci\u00f3n solicitada.<\/li>\r\n<li><strong>Informaci\u00f3n de inter\u00e9s comercial:<\/strong> recogemos la informaci\u00f3n que nos proporcionas para el env\u00edo de comunicaciones comerciales sobre los productos y\/o servicios que brinda Onivia (nombre, apellidos, correo electr\u00f3nico); la finalidad es de remitirte comunicaciones comerciales de nuestros productos y servicios por tel\u00e9fono, correo postal y correo electr\u00f3nico.<\/li>\r\n<\/ul>\r\n<\/li>\r\n<\/ul>\r\n<p>En estos dos casos, la base legal para el tratamiento de tus datos es tu consentimiento.<\/p>\r\n<ul>\r\n<li style=\"list-style-type: none;\">\r\n<ul>\r\n<li><strong>Datos electr\u00f3nicos:<\/strong> direcci\u00f3n IP, tipo e identificaci\u00f3n del dispositivo, tipo e idioma del navegador, dominio a trav\u00e9s del cual accedes a la p\u00e1gina web, datos de navegaci\u00f3n, actividad en la p\u00e1gina web. Estos datos ser\u00e1n tratados para garantizar la seguridad de nuestra p\u00e1gina web y de la informaci\u00f3n. En este caso, la base legal para el tratamiento de tus datos es el inter\u00e9s leg\u00edtimo en proporcionar un entorno seguro y evitar da\u00f1os a los sistemas de Onivia y a la informaci\u00f3n de sus usuarios, as\u00ed como el acceso no autorizado y el uso indebido de los mismos.<\/li>\r\n<li><strong>Informaci\u00f3n acerca de c\u00f3mo navegas por nuestra p\u00e1gina:<\/strong> la informaci\u00f3n recogida se utiliza para medir la actividad de la p\u00e1gina web, para conocer como interact\u00faas con la p\u00e1gina, con el fin de introducir mejoras en el servicio (ej. informaci\u00f3n sobre el navegador que estas usando y tu direcci\u00f3n IP). Por favor, accede a nuestra Pol\u00edtica de Cookies para m\u00e1s informaci\u00f3n. En este caso, la base legal para el tratamiento de tus datos es tu consentimiento.<\/li>\r\n<\/ul>\r\n<\/li>\r\n<\/ul>\r\n<h4>5- C\u00f3mo revocar un consentimiento<\/h4>\r\n<p>Cuando la base del tratamiento sea el consentimiento, podr\u00e1s revocarlo en cualquier momento envi\u00e1ndonos una comunicaci\u00f3n a <a href=\"mailto:protecciondedatos@onivia.net\">protecciondedatos@onivia.net<\/a> acompa\u00f1ando una copia de tu D.N.I. o documento acreditativo de tu identidad, indicando tu direcci\u00f3n a efectos de comunicaciones y proporcionando los detalles necesarios para procesar tu solicitud. Siempre podr\u00e1s ponerte en contacto con nosotros a trav\u00e9s de cualquiera de los canales indicados en esta Pol\u00edtica de Privacidad. Si prefieres no recibir comunicaciones comerciales, podr\u00e1s informarnos en cualquier momento por las v\u00edas indicadas.<\/p>\r\n<h4>6- Durante cuanto tiempo guardamos la informaci\u00f3n<\/h4>\r\n<p>Onivia conservar\u00e1 tus datos personales durante el tiempo necesario para cumplir con las finalidades para las que fueron recabados o mientras no ejercites tu derecho de supresi\u00f3n o de revocar tu consentimiento, adem\u00e1s de los per\u00edodos establecidos en la normativa de archivos y documentaci\u00f3n.<\/p>\r\n<h4>7- \u00bfCon qui\u00e9n podemos compartir informaci\u00f3n?<\/h4>\r\n<p>Onivia solo compartir\u00e1 o dar\u00e1 acceso a terceros a tus datos personales cuando hacerlo sea necesario para lograr uno de los objetivos que se describen a continuaci\u00f3n y de conformidad con la legislaci\u00f3n vigente: <strong>a) Nuestros proveedores:<\/strong> Onivia comunicar\u00e1 o permitir\u00e1 acceso a tus datos personales a empresas que nos prestan servicios bajo un contrato, cuando sea necesario para el cumplimiento de las finalidades descritas en esta Pol\u00edtica de Privacidad. <strong>b) Obligaciones legales:<\/strong> Onivia podr\u00e1 comunicar tus datos personales cuando la cesi\u00f3n sea necesaria para dar cumplimiento a una obligaci\u00f3n legal, incluyendo la cesi\u00f3n a las autoridades competentes, jueces y tribunales. Esto incluye el cumplimiento de las solicitudes formuladas por las autoridades de conformidad con la Ley 10\/2010, de 28 de abril, sobre prevenci\u00f3n de blanqueo de capitales y financiaci\u00f3n del terrorismo.<\/p>\r\n<h4>8- Derechos en relaci\u00f3n con la recogida y tratamiento de tus datos personales<\/h4>\r\n<p>Tienes una serie de derechos en relaci\u00f3n con la recogida y tratamiento de tus datos personales:<\/p>\r\n<ul>\r\n<li><strong>Derecho de informaci\u00f3n, acceso, rectificaci\u00f3n, supresi\u00f3n, limitaci\u00f3n de tratamiento, portabilidad de los datos, oposici\u00f3n<\/strong>. Adem\u00e1s tienes<\/li>\r\n<li><strong>Derecho a revocar el consentimiento:<\/strong> En los casos en los que hayamos obtenido tu consentimiento para el tratamiento de tus datos personales en relaci\u00f3n con determinadas actividades (por ejemplo, con el fin de enviarte informaci\u00f3n comercial), podr\u00e1 retirarlo en cualquier momento.<\/li>\r\n<li><strong>Derecho a presentar una reclamaci\u00f3n ante una autoridad de control:<\/strong> derecho a presentar una reclamaci\u00f3n ante la Agencia Espa\u00f1ola de Protecci\u00f3n de Datos, cuyos datos puede consultar en <a href=\"http:\/\/www.aepd.es\">http:\/\/www.aepd.es <\/a><\/li>\r\n<\/ul>\r\n<p>Podr\u00e1s ejercitar tus derechos envi\u00e1ndonos una comunicaci\u00f3n a <a href=\"mailto:protecciondatos@onivia.net\">protecciondatos@onivia.net<\/a>, acompa\u00f1ando una copia de tu D.N.I. o documento acreditativo de tu identidad, indicando una direcci\u00f3n a efectos de comunicaciones y proporcionando los detalles necesarios para procesar tu solicitud.<\/p>\r\n<h4><strong>9- Enlaces o webs de terceros<\/strong><\/h4>\r\n<p>En Onivia las medidas de seguridad adoptadas son las medidas exigidas por la ley para cada tipo de tratamiento. Nuestra p\u00e1gina web puede contar con enlaces, plug-ins que remiten a p\u00e1ginas webs de terceras partes (V\u00e9ase Twitter, Linkedin, entre otras). La presente Pol\u00edtica de Privacidad no abarca las p\u00e1ginas webs de dichas terceras partes. Deber\u00e1s leer las condiciones de uso de las mismas.<\/p>\r\n<h4>10- Actualizaci\u00f3n<\/h4>\r\n<p>Nuestra p\u00e1gina web <a href=\"http:\/\/www.onivia.net\">www.onivia.net<\/a> puede modificar esta Pol\u00edtica de Privacidad en funci\u00f3n de nuevas exigencias legislativas, reglamentarias o con la finalidad de adaptar dicha pol\u00edtica a las instrucciones dictadas por las autoridades competentes.<\/p>\r\n<p>Cuando se produzcan cambios significativos se comunicar\u00e1 al usuario siguiendo los requisitos exigidos por la ley y mediante aviso informativo en la p\u00e1gina web.<\/p>\r\n<!-- \/wp:heading -->","protected":false},"excerpt":{"rendered":"<p>1- Propietario de la web Pentacom Investments Spain Opco SL es la propietaria de la p\u00e1gina web www.onivia.net, y por tanto la responsable de la informaci\u00f3n que se trata a trav\u00e9s de su p\u00e1gina. Onivia y el logo de Onivia son marcas registradas de Pentacom Investments Spain Opco SL (en adelante nos referiremos como \u201cOnivia\u201d)&#8230;.<\/p>\n","protected":false},"author":1,"featured_media":0,"parent":0,"menu_order":0,"comment_status":"closed","ping_status":"open","template":"","meta":{"footnotes":""},"class_list":["post-3","page","type-page","status-publish","hentry"],"acf":[],"yoast_head":"<!-- This site is optimized with the Yoast SEO plugin v20.3 - https:\/\/yoast.com\/wordpress\/plugins\/seo\/ -->\n<title>Pol\u00edtica de privacidad - Onivia<\/title>\n<meta name=\"robots\" content=\"index, follow, max-snippet:-1, max-image-preview:large, max-video-preview:-1\" \/>\n<link rel=\"canonical\" href=\"https:\/\/old.onivia.net\/es\/privacy-policy\/\" \/>\n<meta property=\"og:locale\" content=\"es_ES\" \/>\n<meta property=\"og:type\" content=\"article\" \/>\n<meta property=\"og:title\" content=\"Pol\u00edtica de privacidad - Onivia\" \/>\n<meta property=\"og:description\" content=\"1- Propietario de la web Pentacom Investments Spain Opco SL es la propietaria de la p\u00e1gina web www.onivia.net, y por tanto la responsable de la informaci\u00f3n que se trata a trav\u00e9s de su p\u00e1gina. Onivia y el logo de Onivia son marcas registradas de Pentacom Investments Spain Opco SL (en adelante nos referiremos como \u201cOnivia\u201d)....\" \/>\n<meta property=\"og:url\" content=\"https:\/\/old.onivia.net\/es\/privacy-policy\/\" \/>\n<meta property=\"og:site_name\" content=\"Onivia\" \/>\n<meta property=\"article:modified_time\" content=\"2022-11-10T13:29:58+00:00\" \/>\n<meta name=\"twitter:card\" content=\"summary_large_image\" \/>\n<meta name=\"twitter:site\" content=\"@onivianetworks\" \/>\n<meta name=\"twitter:label1\" content=\"Tiempo de lectura\" \/>\n\t<meta name=\"twitter:data1\" content=\"6 minutos\" \/>\n<script type=\"application\/ld+json\" class=\"yoast-schema-graph\">{\"@context\":\"https:\/\/schema.org\",\"@graph\":[{\"@type\":\"WebPage\",\"@id\":\"https:\/\/old.onivia.net\/es\/privacy-policy\/\",\"url\":\"https:\/\/old.onivia.net\/es\/privacy-policy\/\",\"name\":\"Pol\u00edtica de privacidad - Onivia\",\"isPartOf\":{\"@id\":\"https:\/\/old.onivia.net\/es\/#website\"},\"datePublished\":\"2020-03-26T16:09:06+00:00\",\"dateModified\":\"2022-11-10T13:29:58+00:00\",\"breadcrumb\":{\"@id\":\"https:\/\/old.onivia.net\/es\/privacy-policy\/#breadcrumb\"},\"inLanguage\":\"es\",\"potentialAction\":[{\"@type\":\"ReadAction\",\"target\":[[\"https:\/\/old.onivia.net\/es\/privacy-policy\/\"]]}]},{\"@type\":\"BreadcrumbList\",\"@id\":\"https:\/\/old.onivia.net\/es\/privacy-policy\/#breadcrumb\",\"itemListElement\":[{\"@type\":\"ListItem\",\"position\":1,\"name\":\"Home\",\"item\":\"https:\/\/old.onivia.net\/es\/\"},{\"@type\":\"ListItem\",\"position\":2,\"name\":\"Privacy policy\"}]},{\"@type\":\"WebSite\",\"@id\":\"https:\/\/old.onivia.net\/es\/#website\",\"url\":\"https:\/\/old.onivia.net\/es\/\",\"name\":\"Onivia\",\"description\":\"Exponentes del crecimiento\",\"publisher\":{\"@id\":\"https:\/\/old.onivia.net\/es\/#organization\"},\"potentialAction\":[{\"@type\":\"SearchAction\",\"target\":{\"@type\":\"EntryPoint\",\"urlTemplate\":\"https:\/\/old.onivia.net\/es\/?s={search_term_string}\"},\"query-input\":\"required name=search_term_string\"}],\"inLanguage\":\"es\"},{\"@type\":\"Organization\",\"@id\":\"https:\/\/old.onivia.net\/es\/#organization\",\"name\":\"Onivia\",\"url\":\"https:\/\/old.onivia.net\/es\/\",\"logo\":{\"@type\":\"ImageObject\",\"inLanguage\":\"es\",\"@id\":\"https:\/\/old.onivia.net\/es\/#\/schema\/logo\/image\/\",\"url\":\"https:\/\/onivia.net\/wp-content\/uploads\/2020\/06\/Onivia-square-logo-plate-01.png\",\"contentUrl\":\"https:\/\/onivia.net\/wp-content\/uploads\/2020\/06\/Onivia-square-logo-plate-01.png\",\"width\":771,\"height\":772,\"caption\":\"Onivia\"},\"image\":{\"@id\":\"https:\/\/old.onivia.net\/es\/#\/schema\/logo\/image\/\"},\"sameAs\":[\"https:\/\/twitter.com\/onivianetworks\",\"https:\/\/www.linkedin.com\/company\/onivianetworks\/?originalSubdomain=es\"]}]}<\/script>\n<!-- \/ Yoast SEO plugin. -->","yoast_head_json":{"title":"Pol\u00edtica de privacidad - Onivia","robots":{"index":"index","follow":"follow","max-snippet":"max-snippet:-1","max-image-preview":"max-image-preview:large","max-video-preview":"max-video-preview:-1"},"canonical":"https:\/\/old.onivia.net\/es\/privacy-policy\/","og_locale":"es_ES","og_type":"article","og_title":"Pol\u00edtica de privacidad - Onivia","og_description":"1- Propietario de la web Pentacom Investments Spain Opco SL es la propietaria de la p\u00e1gina web www.onivia.net, y por tanto la responsable de la informaci\u00f3n que se trata a trav\u00e9s de su p\u00e1gina. Onivia y el logo de Onivia son marcas registradas de Pentacom Investments Spain Opco SL (en adelante nos referiremos como \u201cOnivia\u201d)....","og_url":"https:\/\/old.onivia.net\/es\/privacy-policy\/","og_site_name":"Onivia","article_modified_time":"2022-11-10T13:29:58+00:00","twitter_card":"summary_large_image","twitter_site":"@onivianetworks","twitter_misc":{"Tiempo de lectura":"6 minutos"},"schema":{"@context":"https:\/\/schema.org","@graph":[{"@type":"WebPage","@id":"https:\/\/old.onivia.net\/es\/privacy-policy\/","url":"https:\/\/old.onivia.net\/es\/privacy-policy\/","name":"Pol\u00edtica de privacidad - Onivia","isPartOf":{"@id":"https:\/\/old.onivia.net\/es\/#website"},"datePublished":"2020-03-26T16:09:06+00:00","dateModified":"2022-11-10T13:29:58+00:00","breadcrumb":{"@id":"https:\/\/old.onivia.net\/es\/privacy-policy\/#breadcrumb"},"inLanguage":"es","potentialAction":[{"@type":"ReadAction","target":[["https:\/\/old.onivia.net\/es\/privacy-policy\/"]]}]},{"@type":"BreadcrumbList","@id":"https:\/\/old.onivia.net\/es\/privacy-policy\/#breadcrumb","itemListElement":[{"@type":"ListItem","position":1,"name":"Home","item":"https:\/\/old.onivia.net\/es\/"},{"@type":"ListItem","position":2,"name":"Privacy policy"}]},{"@type":"WebSite","@id":"https:\/\/old.onivia.net\/es\/#website","url":"https:\/\/old.onivia.net\/es\/","name":"Onivia","description":"Exponentes del crecimiento","publisher":{"@id":"https:\/\/old.onivia.net\/es\/#organization"},"potentialAction":[{"@type":"SearchAction","target":{"@type":"EntryPoint","urlTemplate":"https:\/\/old.onivia.net\/es\/?s={search_term_string}"},"query-input":"required name=search_term_string"}],"inLanguage":"es"},{"@type":"Organization","@id":"https:\/\/old.onivia.net\/es\/#organization","name":"Onivia","url":"https:\/\/old.onivia.net\/es\/","logo":{"@type":"ImageObject","inLanguage":"es","@id":"https:\/\/old.onivia.net\/es\/#\/schema\/logo\/image\/","url":"https:\/\/onivia.net\/wp-content\/uploads\/2020\/06\/Onivia-square-logo-plate-01.png","contentUrl":"https:\/\/onivia.net\/wp-content\/uploads\/2020\/06\/Onivia-square-logo-plate-01.png","width":771,"height":772,"caption":"Onivia"},"image":{"@id":"https:\/\/old.onivia.net\/es\/#\/schema\/logo\/image\/"},"sameAs":["https:\/\/twitter.com\/onivianetworks","https:\/\/www.linkedin.com\/company\/onivianetworks\/?originalSubdomain=es"]}]}},"_links":{"self":[{"href":"https:\/\/old.onivia.net\/es\/wp-json\/wp\/v2\/pages\/3","targetHints":{"allow":["GET"]}}],"collection":[{"href":"https:\/\/old.onivia.net\/es\/wp-json\/wp\/v2\/pages"}],"about":[{"href":"https:\/\/old.onivia.net\/es\/wp-json\/wp\/v2\/types\/page"}],"author":[{"embeddable":true,"href":"https:\/\/old.onivia.net\/es\/wp-json\/wp\/v2\/users\/1"}],"replies":[{"embeddable":true,"href":"https:\/\/old.onivia.net\/es\/wp-json\/wp\/v2\/comments?post=3"}],"version-history":[{"count":18,"href":"https:\/\/old.onivia.net\/es\/wp-json\/wp\/v2\/pages\/3\/revisions"}],"predecessor-version":[{"id":973,"href":"https:\/\/old.onivia.net\/es\/wp-json\/wp\/v2\/pages\/3\/revisions\/973"}],"wp:attachment":[{"href":"https:\/\/old.onivia.net\/es\/wp-json\/wp\/v2\/media?parent=3"}],"curies":[{"name":"wp","href":"https:\/\/api.w.org\/{rel}","templated":true}]}}